{"id":249,"date":"2020-04-14T11:05:38","date_gmt":"2020-04-14T11:05:38","guid":{"rendered":"https:\/\/bjg.webh.ovh\/?page_id=249"},"modified":"2020-06-09T13:48:21","modified_gmt":"2020-06-09T12:48:21","slug":"interim-management","status":"publish","type":"page","link":"https:\/\/bjg.be\/?page_id=249","title":{"rendered":"Interim management"},"content":{"rendered":"\n<figure class=\"wp-block-image size-large is-resized\"><img loading=\"lazy\" decoding=\"async\" src=\"https:\/\/bjg.be\/wp-content\/uploads\/2020\/04\/puzzle-3486885_1920-1024x535.jpg\" alt=\"\" class=\"wp-image-427\" width=\"543\" height=\"284\" srcset=\"https:\/\/bjg.be\/wp-content\/uploads\/2020\/04\/puzzle-3486885_1920-1024x535.jpg 1024w, https:\/\/bjg.be\/wp-content\/uploads\/2020\/04\/puzzle-3486885_1920-300x157.jpg 300w, https:\/\/bjg.be\/wp-content\/uploads\/2020\/04\/puzzle-3486885_1920-768x401.jpg 768w, https:\/\/bjg.be\/wp-content\/uploads\/2020\/04\/puzzle-3486885_1920-1536x802.jpg 1536w, https:\/\/bjg.be\/wp-content\/uploads\/2020\/04\/puzzle-3486885_1920.jpg 1920w\" sizes=\"auto, (max-width: 543px) 100vw, 543px\" \/><\/figure>\n\n\n\n<p>Il arrive qu\u2019une entreprise doive faire face momentan\u00e9ment \u00e0 de l\u2019aide ext\u00e9rieure face au d\u00e9part inopin\u00e9 de l\u2019un de ses cadres ou pour mobiliser des comp\u00e9tences et des connaissances qui lui font d\u00e9faut face \u00e0 une probl\u00e9matique nouvelle.<\/p>\n\n\n\n<p>Dans de telles circonstances, le recours \u00e0 l\u2019Interim Management permet de disposer de l\u2019expertise n\u00e9cessaire de mani\u00e8re souple et temporaire.<\/p>\n\n\n\n<p>En ce domaine, <strong>Joassart et Goffin Consulting <\/strong>examine avec vous la meilleure approche pour combler le manque provisoire de comp\u00e9tences en management et vous propose une description pr\u00e9cise de son intervention compte tenu de la r\u00e9glementation en la mati\u00e8re.<\/p>\n\n\n\n<p><\/p>\n\n\n\n<div class=\"wp-block-buttons aligncenter is-layout-flex wp-block-buttons-is-layout-flex\">\n<div class=\"wp-block-button is-style-outline is-style-outline--1\"><a class=\"wp-block-button__link\" href=\"https:\/\/bjg.be\/?page_id=454\">Plus d&rsquo;info<\/a><\/div>\n<\/div>\n","protected":false},"excerpt":{"rendered":"<p>Il arrive qu\u2019une entreprise doive faire face momentan\u00e9ment \u00e0 de l\u2019aide ext\u00e9rieure face au d\u00e9part inopin\u00e9 de l\u2019un de ses cadres ou pour mobiliser des comp\u00e9tences et des connaissances qui lui font d\u00e9faut face \u00e0 une probl\u00e9matique nouvelle. Dans de telles circonstances, le recours \u00e0 l\u2019Interim Management permet de disposer de l\u2019expertise n\u00e9cessaire de mani\u00e8re &hellip; <\/p>\n<p class=\"link-more\"><a href=\"https:\/\/bjg.be\/?page_id=249\" class=\"more-link\">Continuer la lecture<span class=\"screen-reader-text\"> de &laquo;&nbsp;Interim management&nbsp;&raquo;<\/span><\/a><\/p>\n","protected":false},"author":1,"featured_media":0,"parent":0,"menu_order":0,"comment_status":"closed","ping_status":"closed","template":"","meta":{"footnotes":""},"class_list":["post-249","page","type-page","status-publish","hentry"],"_links":{"self":[{"href":"https:\/\/bjg.be\/index.php?rest_route=\/wp\/v2\/pages\/249","targetHints":{"allow":["GET"]}}],"collection":[{"href":"https:\/\/bjg.be\/index.php?rest_route=\/wp\/v2\/pages"}],"about":[{"href":"https:\/\/bjg.be\/index.php?rest_route=\/wp\/v2\/types\/page"}],"author":[{"embeddable":true,"href":"https:\/\/bjg.be\/index.php?rest_route=\/wp\/v2\/users\/1"}],"replies":[{"embeddable":true,"href":"https:\/\/bjg.be\/index.php?rest_route=%2Fwp%2Fv2%2Fcomments&post=249"}],"version-history":[{"count":11,"href":"https:\/\/bjg.be\/index.php?rest_route=\/wp\/v2\/pages\/249\/revisions"}],"predecessor-version":[{"id":818,"href":"https:\/\/bjg.be\/index.php?rest_route=\/wp\/v2\/pages\/249\/revisions\/818"}],"wp:attachment":[{"href":"https:\/\/bjg.be\/index.php?rest_route=%2Fwp%2Fv2%2Fmedia&parent=249"}],"curies":[{"name":"wp","href":"https:\/\/api.w.org\/{rel}","templated":true}]}}