{"id":255,"date":"2020-04-14T11:06:57","date_gmt":"2020-04-14T11:06:57","guid":{"rendered":"https:\/\/bjg.webh.ovh\/?page_id=255"},"modified":"2020-06-09T13:38:50","modified_gmt":"2020-06-09T12:38:50","slug":"communication-interne-et-externe","status":"publish","type":"page","link":"https:\/\/bjg.be\/?page_id=255","title":{"rendered":"Communication interne et externe"},"content":{"rendered":"<p><\/p>\n<figure><img loading=\"lazy\" decoding=\"async\" src=\"https:\/\/bjg.be\/wp-content\/uploads\/2020\/04\/com-3113279_1920-1024x683.jpg\" alt=\"\" width=\"525\" height=\"350\" \/><\/figure>\n<p><\/p>\n<p><\/p>\n<p>Une bonne communication, tant interne qu\u2019externe, contribue au succ\u00e8s d\u2019une entreprise.<\/p>\n<p><\/p>\n<p><\/p>\n<p><u>Au niveau interne<\/u>, la diffusion rapide et correcte de l\u2019information favorise le travail participatif en cr\u00e9ant un esprit de coh\u00e9sion propice \u00e0 f\u00e9d\u00e9rer et impliquer les acteurs de l\u2019organisation qui travailleront dans un meilleur esprit de convivialit\u00e9.<strong> Joassart &amp; Goffin Consulting <\/strong>vous aide \u00e0 mettre en place les structures de communication interne les mieux adapt\u00e9es aux sp\u00e9cificit\u00e9s de votre entreprise et vous accompagne dans le choix des outils les plus pertinents afin d\u2019am\u00e9liorer les relations interpersonnelles au sein de vos environnements de travail.<\/p>\n<p><\/p>\n<p><\/p>\n<p><u>Au niveau externe<\/u>, <strong>Joassart &amp; Goffin Consulting <\/strong>examine avec vous les media les plus ad\u00e9quats en fonction des cibles qu\u2019il vous faut atteindre. Notre expertise en cette mati\u00e8re concerne autant la communication traditionnelle que la communication via Internet. Nous pouvons \u00e9galement vous accompagner en mati\u00e8re de relations avec la presse.<\/p>\n<p><\/p>\n<p><\/p>\n<p><\/p>\t\t\n\t\t\t<a href=\"https:\/\/bjg.be\/?page_id=454\" role=\"button\">\n\t\t\t\t\t\tPlus d&rsquo;info\n\t\t\t\t\t<\/a>","protected":false},"excerpt":{"rendered":"<p>Une bonne communication, tant interne qu\u2019externe, contribue au succ\u00e8s d\u2019une entreprise. Au niveau interne, la diffusion rapide et correcte de l\u2019information favorise le travail participatif en cr\u00e9ant un esprit de coh\u00e9sion propice \u00e0 f\u00e9d\u00e9rer et impliquer les acteurs de l\u2019organisation qui travailleront dans un meilleur esprit de convivialit\u00e9. Joassart &amp; Goffin Consulting vous aide \u00e0 &hellip; <\/p>\n<p class=\"link-more\"><a href=\"https:\/\/bjg.be\/?page_id=255\" class=\"more-link\">Continuer la lecture<span class=\"screen-reader-text\"> de &laquo;&nbsp;Communication interne et externe&nbsp;&raquo;<\/span><\/a><\/p>\n","protected":false},"author":1,"featured_media":0,"parent":0,"menu_order":0,"comment_status":"closed","ping_status":"closed","template":"","meta":{"footnotes":""},"class_list":["post-255","page","type-page","status-publish","hentry"],"_links":{"self":[{"href":"https:\/\/bjg.be\/index.php?rest_route=\/wp\/v2\/pages\/255","targetHints":{"allow":["GET"]}}],"collection":[{"href":"https:\/\/bjg.be\/index.php?rest_route=\/wp\/v2\/pages"}],"about":[{"href":"https:\/\/bjg.be\/index.php?rest_route=\/wp\/v2\/types\/page"}],"author":[{"embeddable":true,"href":"https:\/\/bjg.be\/index.php?rest_route=\/wp\/v2\/users\/1"}],"replies":[{"embeddable":true,"href":"https:\/\/bjg.be\/index.php?rest_route=%2Fwp%2Fv2%2Fcomments&post=255"}],"version-history":[{"count":12,"href":"https:\/\/bjg.be\/index.php?rest_route=\/wp\/v2\/pages\/255\/revisions"}],"predecessor-version":[{"id":811,"href":"https:\/\/bjg.be\/index.php?rest_route=\/wp\/v2\/pages\/255\/revisions\/811"}],"wp:attachment":[{"href":"https:\/\/bjg.be\/index.php?rest_route=%2Fwp%2Fv2%2Fmedia&parent=255"}],"curies":[{"name":"wp","href":"https:\/\/api.w.org\/{rel}","templated":true}]}}