{"id":435,"date":"2020-04-15T15:15:55","date_gmt":"2020-04-15T15:15:55","guid":{"rendered":"https:\/\/bjg.webh.ovh\/?page_id=435"},"modified":"2020-06-09T13:45:03","modified_gmt":"2020-06-09T12:45:03","slug":"audit-organisationnel-2","status":"publish","type":"page","link":"https:\/\/bjg.be\/?page_id=435","title":{"rendered":"Audit organisationnel"},"content":{"rendered":"\n<figure class=\"wp-block-image size-large is-resized\"><img loading=\"lazy\" decoding=\"async\" src=\"https:\/\/bjg.be\/wp-content\/uploads\/2020\/04\/organization-2478211_1920-1024x768.jpg\" alt=\"\" class=\"wp-image-398\" width=\"651\" height=\"488\" srcset=\"https:\/\/bjg.be\/wp-content\/uploads\/2020\/04\/organization-2478211_1920-1024x768.jpg 1024w, https:\/\/bjg.be\/wp-content\/uploads\/2020\/04\/organization-2478211_1920-300x225.jpg 300w, https:\/\/bjg.be\/wp-content\/uploads\/2020\/04\/organization-2478211_1920-768x576.jpg 768w, https:\/\/bjg.be\/wp-content\/uploads\/2020\/04\/organization-2478211_1920-1536x1152.jpg 1536w, https:\/\/bjg.be\/wp-content\/uploads\/2020\/04\/organization-2478211_1920.jpg 1920w\" sizes=\"auto, (max-width: 651px) 100vw, 651px\" \/><\/figure>\n\n\n<p>Nos exp\u00e9riences multiples et pluridisciplinaires en mati\u00e8re de gestion nous permettent d\u2019offrir \u00e0 nos clients une <span style=\"text-decoration: underline;\">vision externe<\/span> quant \u00e0 l\u2019organisation optimale n\u00e9cessaire au bon fonctionnement de leur soci\u00e9t\u00e9.<\/p>\n<p>Nos principaux champs d&rsquo;actions concernent\u00a0 les domaines suivant :<\/p>\n<ul>\n<li style=\"list-style-type: none;\">\n<ul>\n<li style=\"list-style-type: none;\">\n<ul>\n<li>Audit Financier<\/li>\n<li>Evaluation de la performance commerciale<\/li>\n<li>Evaluation de la performance IT<\/li>\n<li>Audit de la fonction Ressources Humaines<\/li>\n<li>Evaluation des processus industriels<\/li>\n<li>Evaluation de la maturit\u00e9 en gestion de projets<\/li>\n<li>Evaluation de la maturit\u00e9 au changement<\/li>\n<\/ul>\n<\/li>\n<\/ul>\n<\/li>\n<\/ul>\n<div>\n<p>La r\u00e9ussite d\u2019un entreprise est \u00e9galement li\u00e9e \u00e0 la synergie existante entre ses cadres et son personnel. De par son exp\u00e9rience vari\u00e9e \u00e0 tous les niveaux de Management, <b>Joassart &amp; Goffin Consulting <\/b>peut vous aider \u00e0 d\u00e9gager des <span style=\"text-decoration: underline;\">pistes d\u2019am\u00e9liorations<\/span> de leadership et de comp\u00e9tences manag\u00e9riales. Ensemble nous \u00e9tudierons les canaux de formation les plus ad\u00e9quats pour faire \u00e9voluer votre personnel et faire de vos managers de v\u00e9ritables leaders. Notre d\u00e9marche repose sur un audit fonctionnel lors duquel, au travers d\u2019interviews individuelles ou de groupes, nous recommandons des lignes de force en mati\u00e8re de gestion des processus et de gestion des hommes.<\/p>\n<\/div>\n<p><!-- \/wp:post-content --><\/p>\n<p><!-- wp:paragraph --><\/p>\n<p>Dans ce cadre, notre approche s\u2019articule de la fa\u00e7on suivante :<\/p>\n<p><!-- \/wp:paragraph --><\/p>\n<p><!-- wp:paragraph --><\/p>\n<ul>\n<li style=\"list-style-type: none;\">\n<ul>\n<li style=\"list-style-type: none;\">\n<ul>\n<li>Red\u00e9finition des objectifs globaux de l\u2019entreprise et par service<\/li>\n<li>Red\u00e9finition de l\u2019organigramme<\/li>\n<li>Descriptif des fonctions<\/li>\n<li>Objectifs individuels<\/li>\n<\/ul>\n<\/li>\n<\/ul>\n<\/li>\n<\/ul>\n<p><!-- \/wp:paragraph --><\/p>\n<p><!-- wp:paragraph --><\/p>\n<p>Si n\u00e9cessaire, nous accompagnons l\u2019entreprise dans une d\u00e9marche d\u2019appr\u00e9ciation de type Merit Rating .<\/p>\n<p>Cocomitamment ou s\u00e9par\u00e9ment \u00e0 cet audit op\u00e9rationnel, nous recommandons la mise en place d&rsquo;un <b><a href=\"https:\/\/bjg.webh.ovh\/?p=42\" target=\"_blank\" rel=\"noopener noreferrer\">plan de continuit\u00e9<\/a><\/b>.<\/p>\n<div class=\"wp-block-buttons aligncenter\">\n<p><!-- \/wp:paragraph --><\/p>\n<\/div>\n<p><!-- \/wp:buttons --><\/p>\n\n<!-- wp:buttons {\"align\":\"center\"} -->\n<div class=\"wp-block-buttons aligncenter\"><!-- wp:button {\"className\":\"is-style-outline\"} -->\n<div class=\"wp-block-button is-style-outline\"><a class=\"wp-block-button__link\" href=\"https:\/\/bjg.be\/?page_id=454\">Plus d&rsquo;info<\/a><\/div>\n<!-- \/wp:button --><\/div>\n<!-- \/wp:buttons -->","protected":false},"excerpt":{"rendered":"<p>Nos exp\u00e9riences multiples et pluridisciplinaires en mati\u00e8re de gestion nous permettent d\u2019offrir \u00e0 nos clients une vision externe quant \u00e0 l\u2019organisation optimale n\u00e9cessaire au bon fonctionnement de leur soci\u00e9t\u00e9. Nos principaux champs d&rsquo;actions concernent\u00a0 les domaines suivant : Audit Financier Evaluation de la performance commerciale Evaluation de la performance IT Audit de la fonction Ressources &hellip; <\/p>\n<p class=\"link-more\"><a href=\"https:\/\/bjg.be\/?page_id=435\" class=\"more-link\">Continuer la lecture<span class=\"screen-reader-text\"> de &laquo;&nbsp;Audit organisationnel&nbsp;&raquo;<\/span><\/a><\/p>\n","protected":false},"author":1,"featured_media":0,"parent":0,"menu_order":0,"comment_status":"closed","ping_status":"closed","template":"","meta":{"footnotes":""},"class_list":["post-435","page","type-page","status-publish","hentry"],"_links":{"self":[{"href":"https:\/\/bjg.be\/index.php?rest_route=\/wp\/v2\/pages\/435","targetHints":{"allow":["GET"]}}],"collection":[{"href":"https:\/\/bjg.be\/index.php?rest_route=\/wp\/v2\/pages"}],"about":[{"href":"https:\/\/bjg.be\/index.php?rest_route=\/wp\/v2\/types\/page"}],"author":[{"embeddable":true,"href":"https:\/\/bjg.be\/index.php?rest_route=\/wp\/v2\/users\/1"}],"replies":[{"embeddable":true,"href":"https:\/\/bjg.be\/index.php?rest_route=%2Fwp%2Fv2%2Fcomments&post=435"}],"version-history":[{"count":9,"href":"https:\/\/bjg.be\/index.php?rest_route=\/wp\/v2\/pages\/435\/revisions"}],"predecessor-version":[{"id":815,"href":"https:\/\/bjg.be\/index.php?rest_route=\/wp\/v2\/pages\/435\/revisions\/815"}],"wp:attachment":[{"href":"https:\/\/bjg.be\/index.php?rest_route=%2Fwp%2Fv2%2Fmedia&parent=435"}],"curies":[{"name":"wp","href":"https:\/\/api.w.org\/{rel}","templated":true}]}}