{"id":454,"date":"2020-04-17T08:48:55","date_gmt":"2020-04-17T08:48:55","guid":{"rendered":"https:\/\/bjg.webh.ovh\/?page_id=454"},"modified":"2024-02-02T09:15:02","modified_gmt":"2024-02-02T08:15:02","slug":"contact","status":"publish","type":"page","link":"https:\/\/bjg.be\/?page_id=454","title":{"rendered":"Nous contacter"},"content":{"rendered":"\n<figure class=\"wp-block-image size-large is-resized\"><img loading=\"lazy\" decoding=\"async\" width=\"1024\" height=\"703\" src=\"https:\/\/bjg.be\/wp-content\/uploads\/2020\/04\/JG_logo2012-1024x703.jpg\" alt=\"\" class=\"wp-image-148\" style=\"width:447px;height:335px\" srcset=\"https:\/\/bjg.be\/wp-content\/uploads\/2020\/04\/JG_logo2012-1024x703.jpg 1024w, https:\/\/bjg.be\/wp-content\/uploads\/2020\/04\/JG_logo2012-300x206.jpg 300w, https:\/\/bjg.be\/wp-content\/uploads\/2020\/04\/JG_logo2012-768x527.jpg 768w, https:\/\/bjg.be\/wp-content\/uploads\/2020\/04\/JG_logo2012-1536x1055.jpg 1536w, https:\/\/bjg.be\/wp-content\/uploads\/2020\/04\/JG_logo2012-2048x1407.jpg 2048w\" sizes=\"auto, (max-width: 767px) 89vw, (max-width: 1000px) 54vw, (max-width: 1071px) 543px, 580px\" \/><\/figure>\n\n\n\n<p>Nous vous remercions de l&rsquo;int\u00e9r\u00eat que vous portez aux services offerts par Joassart &amp; Goffin Consulting. <\/p>\n\n\n\n<div class=\"wpforms-container wpforms-container-full\" id=\"wpforms-626\"><form id=\"wpforms-form-626\" class=\"wpforms-validate wpforms-form\" data-formid=\"626\" method=\"post\" enctype=\"multipart\/form-data\" action=\"\/index.php?rest_route=%2Fwp%2Fv2%2Fpages%2F454\" data-token=\"3b0aaa488b6bc0aab009c3abb3b0612d\" data-token-time=\"1776376179\"><noscript class=\"wpforms-error-noscript\">Veuillez activer JavaScript dans votre navigateur pour remplir ce formulaire.<\/noscript><div class=\"wpforms-field-container\"><div id=\"wpforms-626-field_0-container\" class=\"wpforms-field wpforms-field-name\" data-field-id=\"0\"><label class=\"wpforms-field-label\">Nom <span class=\"wpforms-required-label\">*<\/span><\/label><div class=\"wpforms-field-row wpforms-field-medium\"><div class=\"wpforms-field-row-block wpforms-first wpforms-one-half\"><input type=\"text\" id=\"wpforms-626-field_0\" class=\"wpforms-field-name-first wpforms-field-required\" name=\"wpforms[fields][0][first]\" required><label for=\"wpforms-626-field_0\" class=\"wpforms-field-sublabel after\">Pr\u00e9nom<\/label><\/div><div class=\"wpforms-field-row-block wpforms-one-half\"><input type=\"text\" id=\"wpforms-626-field_0-last\" class=\"wpforms-field-name-last wpforms-field-required\" name=\"wpforms[fields][0][last]\" required><label for=\"wpforms-626-field_0-last\" class=\"wpforms-field-sublabel after\">Nom<\/label><\/div><\/div><\/div><div id=\"wpforms-626-field_8-container\" class=\"wpforms-field wpforms-field-text\" data-field-id=\"8\"><label class=\"wpforms-field-label\" for=\"wpforms-626-field_8\">Num\u00e9ro de t\u00e9l\u00e9phone portable <span class=\"wpforms-required-label\">*<\/span><\/label><input type=\"text\" id=\"wpforms-626-field_8\" class=\"wpforms-field-medium wpforms-field-required\" name=\"wpforms[fields][8]\" required><\/div><div id=\"wpforms-626-field_1-container\" class=\"wpforms-field wpforms-field-email\" data-field-id=\"1\"><label class=\"wpforms-field-label\" for=\"wpforms-626-field_1\">E-mail <span class=\"wpforms-required-label\">*<\/span><\/label><input type=\"email\" id=\"wpforms-626-field_1\" class=\"wpforms-field-medium wpforms-field-required\" name=\"wpforms[fields][1]\" spellcheck=\"false\" required><\/div><div id=\"wpforms-626-field_2-container\" class=\"wpforms-field wpforms-field-textarea\" data-field-id=\"2\"><label class=\"wpforms-field-label\" for=\"wpforms-626-field_2\">Commentaire ou message <span class=\"wpforms-required-label\">*<\/span><\/label><textarea id=\"wpforms-626-field_2\" class=\"wpforms-field-medium wpforms-field-required\" name=\"wpforms[fields][2]\" required><\/textarea><\/div><\/div><!-- .wpforms-field-container --><div class=\"wpforms-recaptcha-container wpforms-is-recaptcha wpforms-is-recaptcha-type-v2\" ><div class=\"g-recaptcha\" data-sitekey=\"6Lc9DO0UAAAAADgmYIsTbuzmu2lKEMwlSEaznVPn\"><\/div><input type=\"text\" name=\"g-recaptcha-hidden\" class=\"wpforms-recaptcha-hidden\" style=\"position:absolute!important;clip:rect(0,0,0,0)!important;height:1px!important;width:1px!important;border:0!important;overflow:hidden!important;padding:0!important;margin:0!important;\" data-rule-recaptcha=\"1\"><\/div><div class=\"wpforms-submit-container\" ><input type=\"hidden\" name=\"wpforms[id]\" value=\"626\"><input type=\"hidden\" name=\"page_title\" value=\"\"><input type=\"hidden\" name=\"page_url\" value=\"https:\/\/bjg.be\/index.php?rest_route=\/wp\/v2\/pages\/454\"><input type=\"hidden\" name=\"url_referer\" value=\"\"><button type=\"submit\" name=\"wpforms[submit]\" id=\"wpforms-submit-626\" class=\"wpforms-submit\" aria-live=\"assertive\" value=\"wpforms-submit\">Envoyer<\/button><\/div><\/form><\/div>  <!-- .wpforms-container -->\n\n\n\n<ul class=\"wp-block-social-links is-layout-flex wp-block-social-links-is-layout-flex\">\n\n\n\n\n\n\n\n<li class=\"wp-social-link wp-social-link-linkedin  wp-block-social-link\"><a href=\"https:\/\/www.linkedin.com\/company\/bureau-joassart-et-goffin\" class=\"wp-block-social-link-anchor\"><svg width=\"24\" height=\"24\" viewBox=\"0 0 24 24\" version=\"1.1\" xmlns=\"http:\/\/www.w3.org\/2000\/svg\" aria-hidden=\"true\" focusable=\"false\"><path d=\"M19.7,3H4.3C3.582,3,3,3.582,3,4.3v15.4C3,20.418,3.582,21,4.3,21h15.4c0.718,0,1.3-0.582,1.3-1.3V4.3 C21,3.582,20.418,3,19.7,3z M8.339,18.338H5.667v-8.59h2.672V18.338z M7.004,8.574c-0.857,0-1.549-0.694-1.549-1.548 c0-0.855,0.691-1.548,1.549-1.548c0.854,0,1.547,0.694,1.547,1.548C8.551,7.881,7.858,8.574,7.004,8.574z M18.339,18.338h-2.669 v-4.177c0-0.996-0.017-2.278-1.387-2.278c-1.389,0-1.601,1.086-1.601,2.206v4.249h-2.667v-8.59h2.559v1.174h0.037 c0.356-0.675,1.227-1.387,2.526-1.387c2.703,0,3.203,1.779,3.203,4.092V18.338z\"><\/path><\/svg><span class=\"wp-block-social-link-label screen-reader-text\">LinkedIn<\/span><\/a><\/li>\n\n<\/ul>\n\n\n\n<p>Si\u00e8ge social  : 115, rue de Hesbaye, B-4000 Li\u00e8ge<\/p>\n\n\n\n<p>T\u00e9l\u00e9phone : +32 477 322062<\/p>\n\n\n\n<p> TVA BE 0450.885.197<\/p>\n\n\n\n<p><\/p>\n","protected":false},"excerpt":{"rendered":"<p>Nous vous remercions de l&rsquo;int\u00e9r\u00eat que vous portez aux services offerts par Joassart &amp; Goffin Consulting. Si\u00e8ge social : 115, rue de Hesbaye, B-4000 Li\u00e8ge T\u00e9l\u00e9phone : +32 477 322062 TVA BE 0450.885.197<\/p>\n","protected":false},"author":1,"featured_media":0,"parent":0,"menu_order":0,"comment_status":"closed","ping_status":"closed","template":"","meta":{"footnotes":""},"class_list":["post-454","page","type-page","status-publish","hentry"],"_links":{"self":[{"href":"https:\/\/bjg.be\/index.php?rest_route=\/wp\/v2\/pages\/454","targetHints":{"allow":["GET"]}}],"collection":[{"href":"https:\/\/bjg.be\/index.php?rest_route=\/wp\/v2\/pages"}],"about":[{"href":"https:\/\/bjg.be\/index.php?rest_route=\/wp\/v2\/types\/page"}],"author":[{"embeddable":true,"href":"https:\/\/bjg.be\/index.php?rest_route=\/wp\/v2\/users\/1"}],"replies":[{"embeddable":true,"href":"https:\/\/bjg.be\/index.php?rest_route=%2Fwp%2Fv2%2Fcomments&post=454"}],"version-history":[{"count":19,"href":"https:\/\/bjg.be\/index.php?rest_route=\/wp\/v2\/pages\/454\/revisions"}],"predecessor-version":[{"id":909,"href":"https:\/\/bjg.be\/index.php?rest_route=\/wp\/v2\/pages\/454\/revisions\/909"}],"wp:attachment":[{"href":"https:\/\/bjg.be\/index.php?rest_route=%2Fwp%2Fv2%2Fmedia&parent=454"}],"curies":[{"name":"wp","href":"https:\/\/api.w.org\/{rel}","templated":true}]}}