{"id":7,"date":"2020-04-07T13:53:44","date_gmt":"2020-04-07T13:53:44","guid":{"rendered":"https:\/\/bjg.webh.ovh\/?page_id=7"},"modified":"2020-06-09T13:31:53","modified_gmt":"2020-06-09T12:31:53","slug":"strategie-aide-a-la-decision","status":"publish","type":"page","link":"https:\/\/bjg.be\/?page_id=7","title":{"rendered":"Strat\u00e9gie \/ Aide \u00e0 la d\u00e9cision"},"content":{"rendered":"<p><\/p>\n<figure><img loading=\"lazy\" decoding=\"async\" src=\"https:\/\/bjg.be\/wp-content\/uploads\/2020\/04\/jeu-d\u00e9chec-def-1024x537.jpg\" alt=\"\" width=\"525\" height=\"275\" \/><\/figure>\n<p><\/p>\n<p><strong>\u00ab Strat\u00e9gie et Aide \u00e0 la d\u00e9cision \u00bb <\/strong>sont des activit\u00e9s de conseils personnalis\u00e9s aupr\u00e8s de chefs d\u2019entreprise qui souhaitent engager une r\u00e9flexion sur les courts, moyens et longs termes avec un conseiller ext\u00e9rieur exp\u00e9riment\u00e9 faisant office de miroir.<\/p>\n<p><\/p>\n<p>Les chefs d\u2019entreprise sont souvent seuls pour prendre des d\u00e9cisions cruciales et l\u2019apport d\u2019une vision ext\u00e9rieure, \u00ab un miroir \u00bb, se r\u00e9v\u00e8le b\u00e9n\u00e9fique afin d\u2019obtenir un avis objectif et totalement ind\u00e9pendant.<\/p>\n<p><\/p>\n<p><strong>Joassart &amp; Goffin<\/strong><strong data-rich-text-format-boundary=\"true\"> Consulting\u00a0 <\/strong> propose dans ce cadre les services suivants\u00a0 :<\/p>\n<p><\/p>\n<ul class=\"wp-block-list\">\n<li style=\"list-style-type: none;\">\n<ul>\n<li style=\"list-style-type: none;\">\n<ul>\n<li>Diagnostic fonctionnel<\/li>\n<li>Strat\u00e9gie d&rsquo;entreprise<\/li>\n<li>Diagnostic g\u00e9n\u00e9ral<\/li>\n<li>Diagnostic export<\/li>\n<li>Construction de business plans<\/li>\n<li>\u00c9tablissement de tableaux de bord<\/li>\n<li>\u00c9tablissement de budget<\/li>\n<li>\u00c9tudes de march\u00e9<\/li>\n<\/ul>\n<\/li>\n<\/ul>\n<\/li>\n<\/ul>\n<p><\/p>\n<p>Notre approche se veut avant tout pragmatique et orient\u00e9e vers des objectifs clairement d\u00e9finis.<\/p>\n<p><\/p>\n<p>Apr\u00e8s un diagnostic de la situation pr\u00e9sente, nous \u00e9tablissons avec le chef d\u2019entreprise un plan d\u2019action d\u00e9taill\u00e9 que nous contribuons \u00e0 mettre en \u0153uvre en fonction de la situation cible d\u00e9finie.<\/p>\n<p><\/p>\n<p>Notre action s\u2019inscrit dans le temps et se concr\u00e9tise par la suite par un accompagnement de type organisation ou coaching si le client le souhaite.<\/p>\n<p><\/p>\t\t\n\t\t\t<a href=\"https:\/\/bjg.be\/?page_id=454\" role=\"button\">\n\t\t\t\t\t\tPlus d&rsquo;info\n\t\t\t\t\t<\/a>","protected":false},"excerpt":{"rendered":"<p>\u00ab Strat\u00e9gie et Aide \u00e0 la d\u00e9cision \u00bb sont des activit\u00e9s de conseils personnalis\u00e9s aupr\u00e8s de chefs d\u2019entreprise qui souhaitent engager une r\u00e9flexion sur les courts, moyens et longs termes avec un conseiller ext\u00e9rieur exp\u00e9riment\u00e9 faisant office de miroir. Les chefs d\u2019entreprise sont souvent seuls pour prendre des d\u00e9cisions cruciales et l\u2019apport d\u2019une vision ext\u00e9rieure, &hellip; <\/p>\n<p class=\"link-more\"><a href=\"https:\/\/bjg.be\/?page_id=7\" class=\"more-link\">Continuer la lecture<span class=\"screen-reader-text\"> de &laquo;&nbsp;Strat\u00e9gie \/ Aide \u00e0 la d\u00e9cision&nbsp;&raquo;<\/span><\/a><\/p>\n","protected":false},"author":1,"featured_media":0,"parent":0,"menu_order":0,"comment_status":"closed","ping_status":"closed","template":"","meta":{"footnotes":""},"class_list":["post-7","page","type-page","status-publish","hentry"],"_links":{"self":[{"href":"https:\/\/bjg.be\/index.php?rest_route=\/wp\/v2\/pages\/7","targetHints":{"allow":["GET"]}}],"collection":[{"href":"https:\/\/bjg.be\/index.php?rest_route=\/wp\/v2\/pages"}],"about":[{"href":"https:\/\/bjg.be\/index.php?rest_route=\/wp\/v2\/types\/page"}],"author":[{"embeddable":true,"href":"https:\/\/bjg.be\/index.php?rest_route=\/wp\/v2\/users\/1"}],"replies":[{"embeddable":true,"href":"https:\/\/bjg.be\/index.php?rest_route=%2Fwp%2Fv2%2Fcomments&post=7"}],"version-history":[{"count":26,"href":"https:\/\/bjg.be\/index.php?rest_route=\/wp\/v2\/pages\/7\/revisions"}],"predecessor-version":[{"id":802,"href":"https:\/\/bjg.be\/index.php?rest_route=\/wp\/v2\/pages\/7\/revisions\/802"}],"wp:attachment":[{"href":"https:\/\/bjg.be\/index.php?rest_route=%2Fwp%2Fv2%2Fmedia&parent=7"}],"curies":[{"name":"wp","href":"https:\/\/api.w.org\/{rel}","templated":true}]}}