{"id":704,"date":"2020-04-27T08:54:08","date_gmt":"2020-04-27T07:54:08","guid":{"rendered":"https:\/\/bjg.be\/?page_id=704"},"modified":"2024-02-16T12:55:46","modified_gmt":"2024-02-16T11:55:46","slug":"references-2","status":"publish","type":"page","link":"https:\/\/bjg.be\/?page_id=704","title":{"rendered":"R\u00e9f\u00e9rences"},"content":{"rendered":"Nos clients appartiennent tant au domaine des entreprises priv\u00e9es que publiques ainsi qu\u2019au domaine du secteur non marchand tel que la sant\u00e9.\n\n<!-- \/wp:post-content -->\n\n<!-- wp:paragraph -->\n\nIl s\u2019agit aussi bien de multinationales que de PME ou d\u2019institutions publiques.\n\n<!-- \/wp:paragraph -->\n\n<!-- wp:paragraph -->\n\nNous avons ainsi des r\u00e9f\u00e9rences dans les secteurs suivants :\n<ul>\n \t<li style=\"list-style-type: none;\">\n<ul>\n \t<li style=\"list-style-type: none;\">\n<ul>\n \t<li>L&rsquo;industrie lourde<\/li>\n \t<li>L&rsquo;industrie de pointe<\/li>\n \t<li>L&rsquo;industrie alimentaire<\/li>\n \t<li>Le secteur tertiaire<\/li>\n \t<li>L&rsquo;automobile<\/li>\n \t<li>L&rsquo;informatique<\/li>\n \t<li>L\u2019int\u00e9rim<\/li>\n \t<li>Les professions lib\u00e9rales (avocats et architectes)<\/li>\n \t<li>Le domaine de la sant\u00e9 (h\u00f4pitaux, mutualit\u00e9s, maisons de retraite)<\/li>\n \t<li>L&rsquo;aide sociale \/ CPAS<\/li>\n \t<li>Les entreprises de travail adapt\u00e9<\/li>\n<\/ul>\n<\/li>\n<\/ul>\n<\/li>\n<\/ul>\n<!-- wp:image {\"id\":702,\"width\":140,\"height\":93,\"sizeSlug\":\"large\"} -->\n\n<!-- \/wp:image -->\n\n<!-- wp:image {\"id\":703,\"width\":143,\"height\":60,\"sizeSlug\":\"large\"} -->\n\n<!-- \/wp:image -->\n\n<!-- wp:image {\"id\":701,\"sizeSlug\":\"large\"} -->\n\n<!-- wp:gallery {\"ids\":[],\"sizeSlug\":\"thumbnail\",\"align\":\"left\"} -->\n<figure class=\"wp-block-gallery alignleft columns-0 is-cropped\"><\/figure>\n<!-- \/wp:gallery -->\n\n<!-- wp:paragraph -->\n\n<!-- \/wp:paragraph -->\n\n<!-- wp:gallery {\"ids\":[702,703,701]} -->\n\n<!-- \/wp:gallery -->\n\n<!-- wp:gallery {\"ids\":[703,701,702],\"imageCrop\":false,\"linkTo\":\"media\"} -->\n<figure class=\"wp-block-gallery columns-3\"><\/figure>\n<!-- \/wp:gallery -->\n\n<!-- wp:gallery {\"ids\":[703,711,701],\"imageCrop\":false,\"linkTo\":\"media\",\"align\":\"center\"} -->\n<figure class=\"wp-block-gallery aligncenter columns-3\">\n<ul class=\"blocks-gallery-grid\">\n \t<li class=\"blocks-gallery-item\"><\/li>\n \t<li class=\"blocks-gallery-item\"><\/li>\n \t<li class=\"blocks-gallery-item\"><\/li>\n<\/ul>\n<\/figure>\n<!-- \/wp:gallery --><!-- \/wp:image -->","protected":false},"excerpt":{"rendered":"<p>Nos clients appartiennent tant au domaine des entreprises priv\u00e9es que publiques ainsi qu\u2019au domaine du secteur non marchand tel que la sant\u00e9. Il s\u2019agit aussi bien de multinationales que de PME ou d\u2019institutions publiques. Nous avons ainsi des r\u00e9f\u00e9rences dans les secteurs suivants : L&rsquo;industrie lourde L&rsquo;industrie de pointe L&rsquo;industrie alimentaire Le secteur tertiaire L&rsquo;automobile &hellip; <\/p>\n<p class=\"link-more\"><a href=\"https:\/\/bjg.be\/?page_id=704\" class=\"more-link\">Continuer la lecture<span class=\"screen-reader-text\"> de &laquo;&nbsp;R\u00e9f\u00e9rences&nbsp;&raquo;<\/span><\/a><\/p>\n","protected":false},"author":1,"featured_media":0,"parent":0,"menu_order":0,"comment_status":"closed","ping_status":"closed","template":"","meta":{"footnotes":""},"class_list":["post-704","page","type-page","status-publish","hentry"],"_links":{"self":[{"href":"https:\/\/bjg.be\/index.php?rest_route=\/wp\/v2\/pages\/704","targetHints":{"allow":["GET"]}}],"collection":[{"href":"https:\/\/bjg.be\/index.php?rest_route=\/wp\/v2\/pages"}],"about":[{"href":"https:\/\/bjg.be\/index.php?rest_route=\/wp\/v2\/types\/page"}],"author":[{"embeddable":true,"href":"https:\/\/bjg.be\/index.php?rest_route=\/wp\/v2\/users\/1"}],"replies":[{"embeddable":true,"href":"https:\/\/bjg.be\/index.php?rest_route=%2Fwp%2Fv2%2Fcomments&post=704"}],"version-history":[{"count":10,"href":"https:\/\/bjg.be\/index.php?rest_route=\/wp\/v2\/pages\/704\/revisions"}],"predecessor-version":[{"id":935,"href":"https:\/\/bjg.be\/index.php?rest_route=\/wp\/v2\/pages\/704\/revisions\/935"}],"wp:attachment":[{"href":"https:\/\/bjg.be\/index.php?rest_route=%2Fwp%2Fv2%2Fmedia&parent=704"}],"curies":[{"name":"wp","href":"https:\/\/api.w.org\/{rel}","templated":true}]}}